{"id":103,"date":"2011-01-04T14:24:50","date_gmt":"2011-01-04T12:24:50","guid":{"rendered":"http:\/\/hannelerantala.fi\/www\/?page_id=103"},"modified":"2025-06-12T10:48:46","modified_gmt":"2025-06-12T08:48:46","slug":"47-lahtoa","status":"publish","type":"page","link":"https:\/\/hannelerantala.fi\/www\/?page_id=103","title":{"rendered":"1999 47 l\u00e4ht\u00f6\u00e4"},"content":{"rendered":"<div id=\"box5-kuvasivu\">\n<h3>47 l\u00e4ht\u00f6\u00e4<\/h3>\n<p>1999<\/p>\n<p>Sosiaalinen veistos, tilateos<\/p>\n<p>Nen\u00e4liinat, teko, valokuva, yhden vuoden aika,<br \/>\nl\u00e4hd\u00f6t, asemat ja lentokent\u00e4t, kyyneleet<\/p>\n<p>&nbsp;<\/p>\n<p><a href=\"https:\/\/hannelerantala.fi\/www\/?page_id=276\">Lue teoskuvaus \u00bb<\/a><\/p>\n<\/div>\nngg_shortcode_0_placeholder\n","protected":false},"excerpt":{"rendered":"<p>47 l\u00e4ht\u00f6\u00e4 1999 Sosiaalinen veistos, tilateos Nen\u00e4liinat, teko, valokuva, yhden vuoden aika, l\u00e4hd\u00f6t, asemat ja lentokent\u00e4t, kyyneleet &nbsp; Lue teoskuvaus \u00bb<\/p>\n","protected":false},"author":3,"featured_media":0,"parent":0,"menu_order":2,"comment_status":"open","ping_status":"closed","template":"kuvasivu.php","meta":{"ngg_post_thumbnail":0,"footnotes":""},"class_list":["post-103","page","type-page","status-publish","hentry"],"_links":{"self":[{"href":"https:\/\/hannelerantala.fi\/www\/index.php?rest_route=\/wp\/v2\/pages\/103","targetHints":{"allow":["GET"]}}],"collection":[{"href":"https:\/\/hannelerantala.fi\/www\/index.php?rest_route=\/wp\/v2\/pages"}],"about":[{"href":"https:\/\/hannelerantala.fi\/www\/index.php?rest_route=\/wp\/v2\/types\/page"}],"author":[{"embeddable":true,"href":"https:\/\/hannelerantala.fi\/www\/index.php?rest_route=\/wp\/v2\/users\/3"}],"replies":[{"embeddable":true,"href":"https:\/\/hannelerantala.fi\/www\/index.php?rest_route=%2Fwp%2Fv2%2Fcomments&post=103"}],"version-history":[{"count":15,"href":"https:\/\/hannelerantala.fi\/www\/index.php?rest_route=\/wp\/v2\/pages\/103\/revisions"}],"predecessor-version":[{"id":688,"href":"https:\/\/hannelerantala.fi\/www\/index.php?rest_route=\/wp\/v2\/pages\/103\/revisions\/688"}],"wp:attachment":[{"href":"https:\/\/hannelerantala.fi\/www\/index.php?rest_route=%2Fwp%2Fv2%2Fmedia&parent=103"}],"curies":[{"name":"wp","href":"https:\/\/api.w.org\/{rel}","templated":true}]}}