{"id":104,"date":"2011-01-04T14:25:26","date_gmt":"2011-01-04T12:25:26","guid":{"rendered":"http:\/\/hannelerantala.fi\/www\/?page_id=104"},"modified":"2025-06-12T10:49:04","modified_gmt":"2025-06-12T08:49:04","slug":"ei-oikein-mikaan","status":"publish","type":"page","link":"https:\/\/hannelerantala.fi\/www\/?page_id=104","title":{"rendered":"2008 Ei oikein mik\u00e4\u00e4n"},"content":{"rendered":"<div id=\"box5-kuvasivu\">\n<h3>Ei oikein mik\u00e4\u00e4n<\/h3>\n<p>2008<\/p>\n<p>Sosiaalinen veistos, tilateos <\/p>\n<p>Kadunlakaisu, dokumentaatio, esinekooste kadulta l\u00f6ydetyist\u00e4 tavaroista <\/p>\n<p>&nbsp;<\/p>\n<p><a href=\"https:\/\/hannelerantala.fi\/www\/?page_id=286\">Lue teoskuvaus &raquo;<\/a><\/p>\n<\/div>\nngg_shortcode_0_placeholder\n","protected":false},"excerpt":{"rendered":"<p>Ei oikein mik\u00e4\u00e4n 2008 Sosiaalinen veistos, tilateos Kadunlakaisu, dokumentaatio, esinekooste kadulta l\u00f6ydetyist\u00e4 tavaroista &nbsp; Lue teoskuvaus &raquo;<\/p>\n","protected":false},"author":3,"featured_media":0,"parent":0,"menu_order":7,"comment_status":"open","ping_status":"closed","template":"kuvasivu.php","meta":{"ngg_post_thumbnail":0,"footnotes":""},"class_list":["post-104","page","type-page","status-publish","hentry"],"_links":{"self":[{"href":"https:\/\/hannelerantala.fi\/www\/index.php?rest_route=\/wp\/v2\/pages\/104","targetHints":{"allow":["GET"]}}],"collection":[{"href":"https:\/\/hannelerantala.fi\/www\/index.php?rest_route=\/wp\/v2\/pages"}],"about":[{"href":"https:\/\/hannelerantala.fi\/www\/index.php?rest_route=\/wp\/v2\/types\/page"}],"author":[{"embeddable":true,"href":"https:\/\/hannelerantala.fi\/www\/index.php?rest_route=\/wp\/v2\/users\/3"}],"replies":[{"embeddable":true,"href":"https:\/\/hannelerantala.fi\/www\/index.php?rest_route=%2Fwp%2Fv2%2Fcomments&post=104"}],"version-history":[{"count":11,"href":"https:\/\/hannelerantala.fi\/www\/index.php?rest_route=\/wp\/v2\/pages\/104\/revisions"}],"predecessor-version":[{"id":689,"href":"https:\/\/hannelerantala.fi\/www\/index.php?rest_route=\/wp\/v2\/pages\/104\/revisions\/689"}],"wp:attachment":[{"href":"https:\/\/hannelerantala.fi\/www\/index.php?rest_route=%2Fwp%2Fv2%2Fmedia&parent=104"}],"curies":[{"name":"wp","href":"https:\/\/api.w.org\/{rel}","templated":true}]}}