{"id":106,"date":"2011-01-04T14:26:53","date_gmt":"2011-01-04T12:26:53","guid":{"rendered":"http:\/\/hannelerantala.fi\/www\/?page_id=106"},"modified":"2025-06-11T08:42:20","modified_gmt":"2025-06-11T06:42:20","slug":"hylatty","status":"publish","type":"page","link":"https:\/\/hannelerantala.fi\/www\/?page_id=106","title":{"rendered":"2009 Hyl\u00e4tty"},"content":{"rendered":"<div id=\"box5-kuvasivu\">\n<h3>Hyl\u00e4tty<\/h3>\n<p>2009<\/p>\n<p>Sein\u00e4installaatio<\/p>\n<p>Taidej\u00e4ljenn\u00f6ksi\u00e4, valokuvia, kirjeit\u00e4, postikortteja, kaninnahkoja, esineit\u00e4<br \/>\nSein\u00e4n koko: 2,70 metri\u00e4 x 15 metri\u00e4<\/p>\n<p>&nbsp;<\/p>\n<p><a href=\"https:\/\/hannelerantala.fi\/www\/?page_id=147\">Lue teoskuvaus &raquo;<\/a><\/p>\n<\/div>\nngg_shortcode_0_placeholder\n","protected":false},"excerpt":{"rendered":"<p>Hyl\u00e4tty 2009 Sein\u00e4installaatio Taidej\u00e4ljenn\u00f6ksi\u00e4, valokuvia, kirjeit\u00e4, postikortteja, kaninnahkoja, esineit\u00e4 Sein\u00e4n koko: 2,70 metri\u00e4 x 15 metri\u00e4 &nbsp; Lue teoskuvaus &raquo;<\/p>\n","protected":false},"author":3,"featured_media":0,"parent":0,"menu_order":9,"comment_status":"open","ping_status":"closed","template":"kuvasivu.php","meta":{"ngg_post_thumbnail":0,"footnotes":""},"class_list":["post-106","page","type-page","status-publish","hentry"],"_links":{"self":[{"href":"https:\/\/hannelerantala.fi\/www\/index.php?rest_route=\/wp\/v2\/pages\/106","targetHints":{"allow":["GET"]}}],"collection":[{"href":"https:\/\/hannelerantala.fi\/www\/index.php?rest_route=\/wp\/v2\/pages"}],"about":[{"href":"https:\/\/hannelerantala.fi\/www\/index.php?rest_route=\/wp\/v2\/types\/page"}],"author":[{"embeddable":true,"href":"https:\/\/hannelerantala.fi\/www\/index.php?rest_route=\/wp\/v2\/users\/3"}],"replies":[{"embeddable":true,"href":"https:\/\/hannelerantala.fi\/www\/index.php?rest_route=%2Fwp%2Fv2%2Fcomments&post=106"}],"version-history":[{"count":30,"href":"https:\/\/hannelerantala.fi\/www\/index.php?rest_route=\/wp\/v2\/pages\/106\/revisions"}],"predecessor-version":[{"id":680,"href":"https:\/\/hannelerantala.fi\/www\/index.php?rest_route=\/wp\/v2\/pages\/106\/revisions\/680"}],"wp:attachment":[{"href":"https:\/\/hannelerantala.fi\/www\/index.php?rest_route=%2Fwp%2Fv2%2Fmedia&parent=106"}],"curies":[{"name":"wp","href":"https:\/\/api.w.org\/{rel}","templated":true}]}}