{"id":107,"date":"2011-01-04T14:27:12","date_gmt":"2011-01-04T12:27:12","guid":{"rendered":"http:\/\/hannelerantala.fi\/www\/?page_id=107"},"modified":"2025-06-11T08:42:36","modified_gmt":"2025-06-11T06:42:36","slug":"hylkaavia-paatoksia","status":"publish","type":"page","link":"https:\/\/hannelerantala.fi\/www\/?page_id=107","title":{"rendered":"2009 Hylk\u00e4\u00e4vi\u00e4 p\u00e4\u00e4t\u00f6ksi\u00e4"},"content":{"rendered":"<div id=\"box5-kuvasivu\">\n<h3>Hylk\u00e4\u00e4vi\u00e4 p\u00e4\u00e4t\u00f6ksi\u00e4<\/h3>\n<p>2009<\/p>\n<p>Performanssiteos, tilateos <\/p>\n<p>Toimistop\u00f6yt\u00e4 ja -tuoli, valkoista paperia, leimasin, kuljetuslaatikko, \u00e4\u00e4ni<\/p>\n<p>Kuvat: Suomen valokuvataiteen museo \/ Virve Laustela<\/p>\n<p>&nbsp;<\/p>\n<p><a href=\"https:\/\/hannelerantala.fi\/www\/?page_id=290\">Lue teoskuvaus &raquo;<\/a><\/p>\n<\/div>\nngg_shortcode_0_placeholder\n","protected":false},"excerpt":{"rendered":"<p>Hylk\u00e4\u00e4vi\u00e4 p\u00e4\u00e4t\u00f6ksi\u00e4 2009 Performanssiteos, tilateos Toimistop\u00f6yt\u00e4 ja -tuoli, valkoista paperia, leimasin, kuljetuslaatikko, \u00e4\u00e4ni Kuvat: Suomen valokuvataiteen museo \/ Virve Laustela &nbsp; Lue teoskuvaus &raquo;<\/p>\n","protected":false},"author":3,"featured_media":0,"parent":0,"menu_order":10,"comment_status":"open","ping_status":"closed","template":"kuvasivu.php","meta":{"ngg_post_thumbnail":0,"footnotes":""},"class_list":["post-107","page","type-page","status-publish","hentry"],"_links":{"self":[{"href":"https:\/\/hannelerantala.fi\/www\/index.php?rest_route=\/wp\/v2\/pages\/107","targetHints":{"allow":["GET"]}}],"collection":[{"href":"https:\/\/hannelerantala.fi\/www\/index.php?rest_route=\/wp\/v2\/pages"}],"about":[{"href":"https:\/\/hannelerantala.fi\/www\/index.php?rest_route=\/wp\/v2\/types\/page"}],"author":[{"embeddable":true,"href":"https:\/\/hannelerantala.fi\/www\/index.php?rest_route=\/wp\/v2\/users\/3"}],"replies":[{"embeddable":true,"href":"https:\/\/hannelerantala.fi\/www\/index.php?rest_route=%2Fwp%2Fv2%2Fcomments&post=107"}],"version-history":[{"count":12,"href":"https:\/\/hannelerantala.fi\/www\/index.php?rest_route=\/wp\/v2\/pages\/107\/revisions"}],"predecessor-version":[{"id":681,"href":"https:\/\/hannelerantala.fi\/www\/index.php?rest_route=\/wp\/v2\/pages\/107\/revisions\/681"}],"wp:attachment":[{"href":"https:\/\/hannelerantala.fi\/www\/index.php?rest_route=%2Fwp%2Fv2%2Fmedia&parent=107"}],"curies":[{"name":"wp","href":"https:\/\/api.w.org\/{rel}","templated":true}]}}