{"id":108,"date":"2011-01-04T14:27:31","date_gmt":"2011-01-04T12:27:31","guid":{"rendered":"http:\/\/hannelerantala.fi\/www\/?page_id=108"},"modified":"2025-06-11T08:42:43","modified_gmt":"2025-06-11T06:42:43","slug":"ajattelen-valkoista","status":"publish","type":"page","link":"https:\/\/hannelerantala.fi\/www\/?page_id=108","title":{"rendered":"2008 Ajattelen (Valkoista)"},"content":{"rendered":"<div id=\"box5-kuvasivu\">\n<h3>Ajattelen (Valkoista)<\/h3>\n<p>2008<\/p>\n<p>Tilateos, performanssi<\/p>\n<p>Ter\u00e4sp\u00f6yt\u00e4, uutiskuva, sein\u00e4teksti, \u00e4\u00e4nimaisema <\/p>\n<p>&nbsp;<\/p>\n<p><a href=\"https:\/\/hannelerantala.fi\/www\/?page_id=288\">Lue teoskuvaus &raquo;<\/a><\/p>\n<\/div>\nngg_shortcode_0_placeholder\n","protected":false},"excerpt":{"rendered":"<p>Ajattelen (Valkoista) 2008 Tilateos, performanssi Ter\u00e4sp\u00f6yt\u00e4, uutiskuva, sein\u00e4teksti, \u00e4\u00e4nimaisema &nbsp; Lue teoskuvaus &raquo;<\/p>\n","protected":false},"author":3,"featured_media":0,"parent":0,"menu_order":8,"comment_status":"open","ping_status":"closed","template":"kuvasivu.php","meta":{"ngg_post_thumbnail":0,"footnotes":""},"class_list":["post-108","page","type-page","status-publish","hentry"],"_links":{"self":[{"href":"https:\/\/hannelerantala.fi\/www\/index.php?rest_route=\/wp\/v2\/pages\/108","targetHints":{"allow":["GET"]}}],"collection":[{"href":"https:\/\/hannelerantala.fi\/www\/index.php?rest_route=\/wp\/v2\/pages"}],"about":[{"href":"https:\/\/hannelerantala.fi\/www\/index.php?rest_route=\/wp\/v2\/types\/page"}],"author":[{"embeddable":true,"href":"https:\/\/hannelerantala.fi\/www\/index.php?rest_route=\/wp\/v2\/users\/3"}],"replies":[{"embeddable":true,"href":"https:\/\/hannelerantala.fi\/www\/index.php?rest_route=%2Fwp%2Fv2%2Fcomments&post=108"}],"version-history":[{"count":10,"href":"https:\/\/hannelerantala.fi\/www\/index.php?rest_route=\/wp\/v2\/pages\/108\/revisions"}],"predecessor-version":[{"id":682,"href":"https:\/\/hannelerantala.fi\/www\/index.php?rest_route=\/wp\/v2\/pages\/108\/revisions\/682"}],"wp:attachment":[{"href":"https:\/\/hannelerantala.fi\/www\/index.php?rest_route=%2Fwp%2Fv2%2Fmedia&parent=108"}],"curies":[{"name":"wp","href":"https:\/\/api.w.org\/{rel}","templated":true}]}}