{"id":147,"date":"2011-01-04T15:45:45","date_gmt":"2011-01-04T13:45:45","guid":{"rendered":"http:\/\/hannelerantala.fi\/www\/?page_id=147"},"modified":"2025-06-12T10:49:20","modified_gmt":"2025-06-12T08:49:20","slug":"hylatty-kuvaus","status":"publish","type":"page","link":"https:\/\/hannelerantala.fi\/www\/?page_id=147","title":{"rendered":"Hyl\u00e4tty"},"content":{"rendered":"<div id=\"box5-teoskuvaus\">\n<h3>Hyl\u00e4tty<\/h3>\n<p>2009<\/p>\n<p>Sein\u00e4installaatio<\/p>\n<p>Taidej\u00e4ljenn\u00f6ksi\u00e4, valokuvia, kirjeit\u00e4, postikortteja, kaninnahkoja, esineit\u00e4<br \/>\nSein\u00e4n koko: 2,70 metri\u00e4 x 15 metri\u00e4<\/p>\n<p>&nbsp;<\/p>\n<p><a href=\"https:\/\/hannelerantala.fi\/www\/?page_id=106\">&laquo; Palaa teoksen valokuviin<\/a><\/p>\n<\/div>\n<p>Teossein\u00e4lle on kiinnitetty esineit\u00e4 ja valokuvia, jotka muodostavat ty\u00f6h\u00f6n useita kerrostumia. Sein\u00e4n rinnakkaisten j\u00e4rjestelmien verkostossa kaikki osat ovat riippuvaisia toisistaan. Teoksen tummanpunainen pohjav\u00e4ri antaa perusnuotin ty\u00f6lle, kaikki kuvat ja esineet saavat heijastuksensa siit\u00e4. Jokaista osaa ty\u00f6ss\u00e4 voi tarkastella <em>hyl\u00e4tty<\/em>-k\u00e4sitteen kautta.<\/p>\n<p>Uusien kuvien rinnastus vanhoihin maalauksiin on er\u00e4s teoksen aiheista. Olen valinnut sein\u00e4lle kymmeni\u00e4 taidepostikorteista tehtyj\u00e4 tulosteita. Installaatio tuo n\u00e4kyviin teoksissa usein piiloon j\u00e4\u00e4vi\u00e4 vaikutteita ja innoituksen l\u00e4hteit\u00e4. Omat valokuvani k\u00e4yv\u00e4t vuoropuhelua minuun vaikuttaneiden teosten ja taiteilijoiden kanssa; nykytaide siteeraa ja kommentoi aina my\u00f6s aikaisempaa taidetta.<\/p>\n<p>Teossein\u00e4\u00e4n kuuluu my\u00f6s lukuisia hylk\u00e4\u00e4vi\u00e4 p\u00e4\u00e4t\u00f6ksi\u00e4, jotka ovat tulleet aikaisempien taideprojektien rahoitushakemuksiin. Jokainen sein\u00e4ll\u00e4 oleva hylk\u00e4yskirje on leimattu punaisella Hyl\u00e4tty-leimalla. N\u00e4iden viereen on kiinnitetty p\u00e4iv\u00e4tyille arkistokorteille kirjoitettuja solvauksia ja kirouksia, joita hyl\u00e4tyn mieleen nousee. Teoksen taustalla kulkee kuitenkin teksti: Aloitan taas, aloitan alusta.<\/p>\n","protected":false},"excerpt":{"rendered":"<p>Hyl\u00e4tty 2009 Sein\u00e4installaatio Taidej\u00e4ljenn\u00f6ksi\u00e4, valokuvia, kirjeit\u00e4, postikortteja, kaninnahkoja, esineit\u00e4 Sein\u00e4n koko: 2,70 metri\u00e4 x 15 metri\u00e4 &nbsp; &laquo; Palaa teoksen valokuviin Teossein\u00e4lle on kiinnitetty esineit\u00e4 ja valokuvia, jotka muodostavat ty\u00f6h\u00f6n useita kerrostumia. Sein\u00e4n rinnakkaisten j\u00e4rjestelmien verkostossa kaikki osat ovat riippuvaisia toisistaan. Teoksen tummanpunainen pohjav\u00e4ri antaa perusnuotin ty\u00f6lle, kaikki kuvat ja esineet saavat heijastuksensa siit\u00e4. Jokaista [&hellip;]<\/p>\n","protected":false},"author":3,"featured_media":0,"parent":154,"menu_order":8,"comment_status":"open","ping_status":"closed","template":"teoskuvaus.php","meta":{"ngg_post_thumbnail":0,"footnotes":""},"class_list":["post-147","page","type-page","status-publish","hentry"],"_links":{"self":[{"href":"https:\/\/hannelerantala.fi\/www\/index.php?rest_route=\/wp\/v2\/pages\/147","targetHints":{"allow":["GET"]}}],"collection":[{"href":"https:\/\/hannelerantala.fi\/www\/index.php?rest_route=\/wp\/v2\/pages"}],"about":[{"href":"https:\/\/hannelerantala.fi\/www\/index.php?rest_route=\/wp\/v2\/types\/page"}],"author":[{"embeddable":true,"href":"https:\/\/hannelerantala.fi\/www\/index.php?rest_route=\/wp\/v2\/users\/3"}],"replies":[{"embeddable":true,"href":"https:\/\/hannelerantala.fi\/www\/index.php?rest_route=%2Fwp%2Fv2%2Fcomments&post=147"}],"version-history":[{"count":35,"href":"https:\/\/hannelerantala.fi\/www\/index.php?rest_route=\/wp\/v2\/pages\/147\/revisions"}],"predecessor-version":[{"id":691,"href":"https:\/\/hannelerantala.fi\/www\/index.php?rest_route=\/wp\/v2\/pages\/147\/revisions\/691"}],"up":[{"embeddable":true,"href":"https:\/\/hannelerantala.fi\/www\/index.php?rest_route=\/wp\/v2\/pages\/154"}],"wp:attachment":[{"href":"https:\/\/hannelerantala.fi\/www\/index.php?rest_route=%2Fwp%2Fv2%2Fmedia&parent=147"}],"curies":[{"name":"wp","href":"https:\/\/api.w.org\/{rel}","templated":true}]}}