{"id":276,"date":"2011-03-13T21:27:30","date_gmt":"2011-03-13T19:27:30","guid":{"rendered":"http:\/\/hannelerantala.fi\/www\/?page_id=276"},"modified":"2025-06-12T10:49:39","modified_gmt":"2025-06-12T08:49:39","slug":"47-lahtoa","status":"publish","type":"page","link":"https:\/\/hannelerantala.fi\/www\/?page_id=276","title":{"rendered":"47 l\u00e4ht\u00f6\u00e4"},"content":{"rendered":"<div id=\"box5-teoskuvaus\">\n<h3>47 l\u00e4ht\u00f6\u00e4<\/h3>\n<p>1999<\/p>\n<p>Sosiaalinen veistos, tilateos<\/p>\n<p>Nen\u00e4liinat, teko, valokuva, yhden vuoden aika,<br \/>\nl\u00e4hd\u00f6t, asemat ja lentokent\u00e4t, kyyneleet<\/p>\n<p>&nbsp;<\/p>\n<p><a href=\"https:\/\/hannelerantala.fi\/www\/?page_id=103\">\u00ab Palaa teoksen valokuviin<\/a><\/p>\n<\/div>\n<p>Teos muodostuu asemalle j\u00e4tetyst\u00e4 nen\u00e4liinapinosta ja siit\u00e4 otetusta valokuvasta.<\/p>\n<p>Aina matkustaessani j\u00e4tin yhden vuoden ajan l\u00e4ht\u00f6asemalle pinon paperinen\u00e4liinoja ja otin siit\u00e4 valokuvan. Nen\u00e4liinat on tarkoitettu matkustavaisten ja saattajien k\u00e4ytt\u00f6\u00f6n, koska l\u00e4hd\u00f6t ovat usein surullisia tilanteita. Valokuva toimii dokumenttina itse teosta.<\/p>\n<p>L\u00e4ht\u00f6j\u00e4-sarjassa on 47 kuvaa useiden eri maiden lentokentilt\u00e4 ja rautatieasemilta.<\/p>\n","protected":false},"excerpt":{"rendered":"<p>47 l\u00e4ht\u00f6\u00e4 1999 Sosiaalinen veistos, tilateos Nen\u00e4liinat, teko, valokuva, yhden vuoden aika, l\u00e4hd\u00f6t, asemat ja lentokent\u00e4t, kyyneleet &nbsp; \u00ab Palaa teoksen valokuviin Teos muodostuu asemalle j\u00e4tetyst\u00e4 nen\u00e4liinapinosta ja siit\u00e4 otetusta valokuvasta. Aina matkustaessani j\u00e4tin yhden vuoden ajan l\u00e4ht\u00f6asemalle pinon paperinen\u00e4liinoja ja otin siit\u00e4 valokuvan. Nen\u00e4liinat on tarkoitettu matkustavaisten ja saattajien k\u00e4ytt\u00f6\u00f6n, koska l\u00e4hd\u00f6t ovat usein [&hellip;]<\/p>\n","protected":false},"author":3,"featured_media":0,"parent":154,"menu_order":1,"comment_status":"open","ping_status":"open","template":"teoskuvaus.php","meta":{"ngg_post_thumbnail":0,"footnotes":""},"class_list":["post-276","page","type-page","status-publish","hentry"],"_links":{"self":[{"href":"https:\/\/hannelerantala.fi\/www\/index.php?rest_route=\/wp\/v2\/pages\/276","targetHints":{"allow":["GET"]}}],"collection":[{"href":"https:\/\/hannelerantala.fi\/www\/index.php?rest_route=\/wp\/v2\/pages"}],"about":[{"href":"https:\/\/hannelerantala.fi\/www\/index.php?rest_route=\/wp\/v2\/types\/page"}],"author":[{"embeddable":true,"href":"https:\/\/hannelerantala.fi\/www\/index.php?rest_route=\/wp\/v2\/users\/3"}],"replies":[{"embeddable":true,"href":"https:\/\/hannelerantala.fi\/www\/index.php?rest_route=%2Fwp%2Fv2%2Fcomments&post=276"}],"version-history":[{"count":12,"href":"https:\/\/hannelerantala.fi\/www\/index.php?rest_route=\/wp\/v2\/pages\/276\/revisions"}],"predecessor-version":[{"id":694,"href":"https:\/\/hannelerantala.fi\/www\/index.php?rest_route=\/wp\/v2\/pages\/276\/revisions\/694"}],"up":[{"embeddable":true,"href":"https:\/\/hannelerantala.fi\/www\/index.php?rest_route=\/wp\/v2\/pages\/154"}],"wp:attachment":[{"href":"https:\/\/hannelerantala.fi\/www\/index.php?rest_route=%2Fwp%2Fv2%2Fmedia&parent=276"}],"curies":[{"name":"wp","href":"https:\/\/api.w.org\/{rel}","templated":true}]}}