{"id":278,"date":"2011-03-13T21:27:47","date_gmt":"2011-03-13T19:27:47","guid":{"rendered":"http:\/\/hannelerantala.fi\/www\/?page_id=278"},"modified":"2025-06-12T10:49:45","modified_gmt":"2025-06-12T08:49:45","slug":"ruusu-ja-naula","status":"publish","type":"page","link":"https:\/\/hannelerantala.fi\/www\/?page_id=278","title":{"rendered":"Ruusu ja naula"},"content":{"rendered":"<div id=\"box5-teoskuvaus\">\n<h3>Ruusu ja naula<\/h3>\n<p>2001<\/p>\n<p>Tilateos<\/p>\n<p>Ruusun ter\u00e4lehti, naula, aika<\/p>\n<p>&nbsp;<\/p>\n<p><a href=\"https:\/\/hannelerantala.fi\/www\/?page_id=200\">\u00ab Palaa teoksen valokuviin<\/a><\/p>\n<\/div>\n<p>Naulaan joka aamu sein\u00e4\u00e4n punaisen ruusun ter\u00e4lehden mustalla ter\u00e4snaulalla. Edellisin\u00e4 p\u00e4ivin\u00e4 naulattujen, jo kuivuneiden ter\u00e4lehtien viereen tulee p\u00e4ivitt\u00e4in uusi ja tuore. N\u00e4in teoksen kolmanneksi elementiksi ter\u00e4lehden ja naulan rinnalle tulee aika.<\/p>\n<p>Vaikka teos syntyy tiettyyn kiinte\u00e4\u00e4n paikkaan, se k\u00e4sittelee my\u00f6s \u00e4\u00e4ret\u00f6nt\u00e4 tilaa, koska teos ei tavallaan koskaan ala eik\u00e4 p\u00e4\u00e4ty. Sen voi osina toteuttaa miss\u00e4 vain. Silloin se on my\u00f6s ikuisesti jatkuva teos, vaikka se toteutuisikin rajallisen ajan. Ter\u00e4lehden naulauksella teos uusiutuu joka p\u00e4iv\u00e4. Kun naula l\u00e4vist\u00e4\u00e4 ruusun ter\u00e4lehden, teokseen tulee mukaan my\u00f6s kivun elementti.<\/p>\n","protected":false},"excerpt":{"rendered":"<p>Ruusu ja naula 2001 Tilateos Ruusun ter\u00e4lehti, naula, aika &nbsp; \u00ab Palaa teoksen valokuviin Naulaan joka aamu sein\u00e4\u00e4n punaisen ruusun ter\u00e4lehden mustalla ter\u00e4snaulalla. Edellisin\u00e4 p\u00e4ivin\u00e4 naulattujen, jo kuivuneiden ter\u00e4lehtien viereen tulee p\u00e4ivitt\u00e4in uusi ja tuore. N\u00e4in teoksen kolmanneksi elementiksi ter\u00e4lehden ja naulan rinnalle tulee aika. Vaikka teos syntyy tiettyyn kiinte\u00e4\u00e4n paikkaan, se k\u00e4sittelee my\u00f6s \u00e4\u00e4ret\u00f6nt\u00e4 [&hellip;]<\/p>\n","protected":false},"author":3,"featured_media":0,"parent":154,"menu_order":2,"comment_status":"open","ping_status":"open","template":"teoskuvaus.php","meta":{"ngg_post_thumbnail":0,"footnotes":""},"class_list":["post-278","page","type-page","status-publish","hentry"],"_links":{"self":[{"href":"https:\/\/hannelerantala.fi\/www\/index.php?rest_route=\/wp\/v2\/pages\/278","targetHints":{"allow":["GET"]}}],"collection":[{"href":"https:\/\/hannelerantala.fi\/www\/index.php?rest_route=\/wp\/v2\/pages"}],"about":[{"href":"https:\/\/hannelerantala.fi\/www\/index.php?rest_route=\/wp\/v2\/types\/page"}],"author":[{"embeddable":true,"href":"https:\/\/hannelerantala.fi\/www\/index.php?rest_route=\/wp\/v2\/users\/3"}],"replies":[{"embeddable":true,"href":"https:\/\/hannelerantala.fi\/www\/index.php?rest_route=%2Fwp%2Fv2%2Fcomments&post=278"}],"version-history":[{"count":8,"href":"https:\/\/hannelerantala.fi\/www\/index.php?rest_route=\/wp\/v2\/pages\/278\/revisions"}],"predecessor-version":[{"id":695,"href":"https:\/\/hannelerantala.fi\/www\/index.php?rest_route=\/wp\/v2\/pages\/278\/revisions\/695"}],"up":[{"embeddable":true,"href":"https:\/\/hannelerantala.fi\/www\/index.php?rest_route=\/wp\/v2\/pages\/154"}],"wp:attachment":[{"href":"https:\/\/hannelerantala.fi\/www\/index.php?rest_route=%2Fwp%2Fv2%2Fmedia&parent=278"}],"curies":[{"name":"wp","href":"https:\/\/api.w.org\/{rel}","templated":true}]}}