{"id":280,"date":"2011-03-13T21:27:59","date_gmt":"2011-03-13T19:27:59","guid":{"rendered":"http:\/\/hannelerantala.fi\/www\/?page_id=280"},"modified":"2025-06-12T10:49:51","modified_gmt":"2025-06-12T08:49:51","slug":"varjo","status":"publish","type":"page","link":"https:\/\/hannelerantala.fi\/www\/?page_id=280","title":{"rendered":"Varjo"},"content":{"rendered":"<div id=\"box5-teoskuvaus\">\n<h3>Varjo<\/h3>\n<p>2005<\/p>\n<p>Tilateos<\/p>\n<p>Valokuvat, sanat, rinnakkaiset huoneet<\/p>\n<p>&nbsp;<\/p>\n<p><a href=\"https:\/\/hannelerantala.fi\/www\/?page_id=235\">&laquo; Palaa teoksen valokuviin<\/a>\n<\/div>\n<p>Varjo on yritys j\u00e4ljitt\u00e4\u00e4 puuttuvia muistoja, j\u00e4lki\u00e4 maailmasta joka on ollut ennen omaa aikaani ja jo kadonnut, mutta joka edelleen vaikuttaa el\u00e4m\u00e4\u00e4ni. Teoksessa on toisaalta jotain joka on yksil\u00f6n omaa el\u00e4m\u00e4\u00e4 ja toisaalta jotain joka on kaikille yhteist\u00e4. Ripustus muistuttaa palapeli\u00e4 josta puuttuu paloja; tiet\u00e4\u00e4 ett\u00e4 se muodostaa jonkun kuvion, vaikka ei aivan hahmota mik\u00e4 se on. Koska installaatio rakentuu prosessinomaisesti, se ei kokonaisuudessaan ole yht\u00e4 aikaa n\u00e4ht\u00e4viss\u00e4. <\/p>\n<p>Alussa teoksen muodostavat kuvat. N\u00e4yttelyn aikana ne poistuvat sein\u00e4lt\u00e4 yksi kerrallaan. Sit\u00e4 mukaa kun kuvat katoavat, viereiseen huoneeseen muodostuu rinnakkainen maailma sanoista. Kun n\u00e4yttely p\u00e4\u00e4ttyy on teos vaihtanut huonetta ja muovannut itsens\u00e4 kuvista sanoiksi. T\u00e4llaisessa rinnakkaisj\u00e4rjestelm\u00e4ss\u00e4 molemmat ovat vajaita ilman toista ja yht\u00e4 aikaa l\u00e4sn\u00e4 jossain tavoittamattomassa.<\/p>\n","protected":false},"excerpt":{"rendered":"<p>Varjo 2005 Tilateos Valokuvat, sanat, rinnakkaiset huoneet &nbsp; &laquo; Palaa teoksen valokuviin Varjo on yritys j\u00e4ljitt\u00e4\u00e4 puuttuvia muistoja, j\u00e4lki\u00e4 maailmasta joka on ollut ennen omaa aikaani ja jo kadonnut, mutta joka edelleen vaikuttaa el\u00e4m\u00e4\u00e4ni. Teoksessa on toisaalta jotain joka on yksil\u00f6n omaa el\u00e4m\u00e4\u00e4 ja toisaalta jotain joka on kaikille yhteist\u00e4. Ripustus muistuttaa palapeli\u00e4 josta puuttuu [&hellip;]<\/p>\n","protected":false},"author":3,"featured_media":0,"parent":154,"menu_order":3,"comment_status":"open","ping_status":"open","template":"teoskuvaus.php","meta":{"ngg_post_thumbnail":0,"footnotes":""},"class_list":["post-280","page","type-page","status-publish","hentry"],"_links":{"self":[{"href":"https:\/\/hannelerantala.fi\/www\/index.php?rest_route=\/wp\/v2\/pages\/280","targetHints":{"allow":["GET"]}}],"collection":[{"href":"https:\/\/hannelerantala.fi\/www\/index.php?rest_route=\/wp\/v2\/pages"}],"about":[{"href":"https:\/\/hannelerantala.fi\/www\/index.php?rest_route=\/wp\/v2\/types\/page"}],"author":[{"embeddable":true,"href":"https:\/\/hannelerantala.fi\/www\/index.php?rest_route=\/wp\/v2\/users\/3"}],"replies":[{"embeddable":true,"href":"https:\/\/hannelerantala.fi\/www\/index.php?rest_route=%2Fwp%2Fv2%2Fcomments&post=280"}],"version-history":[{"count":5,"href":"https:\/\/hannelerantala.fi\/www\/index.php?rest_route=\/wp\/v2\/pages\/280\/revisions"}],"predecessor-version":[{"id":696,"href":"https:\/\/hannelerantala.fi\/www\/index.php?rest_route=\/wp\/v2\/pages\/280\/revisions\/696"}],"up":[{"embeddable":true,"href":"https:\/\/hannelerantala.fi\/www\/index.php?rest_route=\/wp\/v2\/pages\/154"}],"wp:attachment":[{"href":"https:\/\/hannelerantala.fi\/www\/index.php?rest_route=%2Fwp%2Fv2%2Fmedia&parent=280"}],"curies":[{"name":"wp","href":"https:\/\/api.w.org\/{rel}","templated":true}]}}