{"id":282,"date":"2011-03-13T21:28:14","date_gmt":"2011-03-13T19:28:14","guid":{"rendered":"http:\/\/hannelerantala.fi\/www\/?page_id=282"},"modified":"2025-06-12T10:49:57","modified_gmt":"2025-06-12T08:49:57","slug":"toisella-rannalla","status":"publish","type":"page","link":"https:\/\/hannelerantala.fi\/www\/?page_id=282","title":{"rendered":"Toisella rannalla"},"content":{"rendered":"<div id=\"box5-teoskuvaus\">\n<h3>Toisella rannalla<\/h3>\n<p>2004 &#8211;<\/p>\n<p>Valokuvapari, vaihtelevia kokoja<\/p>\n<p>&nbsp;<\/p>\n<p><a href=\"https:\/\/hannelerantala.fi\/www\/?page_id=105\">&laquo; Palaa teoksen valokuviin<\/a><\/p>\n<\/div>\n<p><strong>Atlantin valtameri, 2006<\/strong><br \/>\nTeos koostuu nelj\u00e4st\u00e4 Atlantin rantaviivaa esitt\u00e4v\u00e4st\u00e4 kuvaparista. Ensimm\u00e4isess\u00e4 kuvassa aalto l\u00e4htee Lissabonista, Portugalista saapuakseen seuraavassa kuvassa New Yorkiin. Aikaa kuvien ottamisen v\u00e4lill\u00e4 on kulunut useita kuukausia. Kuvien alle on kirjoitettu kuvan ottamisaika, joka samalla on aallon l\u00e4ht\u00f6- ja saapumishetki. Rannalta toiselle kulkevien aaltojen kuvauspaikat ovat Euroopan mantereella Lissabonissa, Bordeauxissa ja Santiago de Compostelassa. Amerikassa saapuvien ja l\u00e4htevien aaltojen ranta on New Yorkissa. <\/p>\n<p>Kaikkia n\u00e4it\u00e4 kaupunkeja, joiden rannoilta kuvat on otettu, yhdist\u00e4\u00e4 historiallisesti siirtolaisuus ja pakolaisuus. Ollaan kummalla puolella merta tahansa, aina jossain on toinen ranta ajatusten, toiveiden tai muistojen kohteena. <\/p>\n<p><strong>It\u00e4meri, 2008<\/strong><br \/>\nTeos koostuu kolmesta It\u00e4meren rantaviivaa esitt\u00e4v\u00e4st\u00e4 kuvaparista. Kuvien aallot l\u00e4htev\u00e4t ja saapuvat kolmen historiallisesti toisiinsa kytkeytyneen maan, Suomen, Viron ja Ruotsin v\u00e4lill\u00e4. It\u00e4merelt\u00e4 on yhteys my\u00f6s Atlantin valtamerelle. <\/p>\n<p><strong>Guadalquivir, 2007<\/strong><br \/>\nTeos koostuu kahdesta kuvaparista, jotka esitt\u00e4v\u00e4t Guadalquivir-joen rantaa Espanjassa. Ranskan kieless\u00e4 toivottomia haaveita kutsutaan joskus nimell\u00e4 ch\u00e2teaux en Espagne, linnoiksi Espanjassa. Suomeksi niit\u00e4 sanotaan pilvilinnoiksi. Teoksen kuvissa Sevillan palatsien v\u00e4linen vesi on liikkumaton. Vain muutama tunti on kulunut kuvien ottamisen v\u00e4lill\u00e4. Kuten muidenkin Toisella rannalla -teoksen vesist\u00f6t, my\u00f6s Guadalquivir on yhteydess\u00e4 Atlantin valtamereen. <\/p>\n","protected":false},"excerpt":{"rendered":"<p>Toisella rannalla 2004 &#8211; Valokuvapari, vaihtelevia kokoja &nbsp; &laquo; Palaa teoksen valokuviin Atlantin valtameri, 2006 Teos koostuu nelj\u00e4st\u00e4 Atlantin rantaviivaa esitt\u00e4v\u00e4st\u00e4 kuvaparista. Ensimm\u00e4isess\u00e4 kuvassa aalto l\u00e4htee Lissabonista, Portugalista saapuakseen seuraavassa kuvassa New Yorkiin. Aikaa kuvien ottamisen v\u00e4lill\u00e4 on kulunut useita kuukausia. Kuvien alle on kirjoitettu kuvan ottamisaika, joka samalla on aallon l\u00e4ht\u00f6- ja saapumishetki. Rannalta [&hellip;]<\/p>\n","protected":false},"author":3,"featured_media":0,"parent":154,"menu_order":4,"comment_status":"open","ping_status":"open","template":"teoskuvaus.php","meta":{"ngg_post_thumbnail":0,"footnotes":""},"class_list":["post-282","page","type-page","status-publish","hentry"],"_links":{"self":[{"href":"https:\/\/hannelerantala.fi\/www\/index.php?rest_route=\/wp\/v2\/pages\/282","targetHints":{"allow":["GET"]}}],"collection":[{"href":"https:\/\/hannelerantala.fi\/www\/index.php?rest_route=\/wp\/v2\/pages"}],"about":[{"href":"https:\/\/hannelerantala.fi\/www\/index.php?rest_route=\/wp\/v2\/types\/page"}],"author":[{"embeddable":true,"href":"https:\/\/hannelerantala.fi\/www\/index.php?rest_route=\/wp\/v2\/users\/3"}],"replies":[{"embeddable":true,"href":"https:\/\/hannelerantala.fi\/www\/index.php?rest_route=%2Fwp%2Fv2%2Fcomments&post=282"}],"version-history":[{"count":9,"href":"https:\/\/hannelerantala.fi\/www\/index.php?rest_route=\/wp\/v2\/pages\/282\/revisions"}],"predecessor-version":[{"id":697,"href":"https:\/\/hannelerantala.fi\/www\/index.php?rest_route=\/wp\/v2\/pages\/282\/revisions\/697"}],"up":[{"embeddable":true,"href":"https:\/\/hannelerantala.fi\/www\/index.php?rest_route=\/wp\/v2\/pages\/154"}],"wp:attachment":[{"href":"https:\/\/hannelerantala.fi\/www\/index.php?rest_route=%2Fwp%2Fv2%2Fmedia&parent=282"}],"curies":[{"name":"wp","href":"https:\/\/api.w.org\/{rel}","templated":true}]}}