{"id":286,"date":"2011-03-13T21:32:40","date_gmt":"2011-03-13T19:32:40","guid":{"rendered":"http:\/\/hannelerantala.fi\/www\/?page_id=286"},"modified":"2025-06-12T10:50:09","modified_gmt":"2025-06-12T08:50:09","slug":"ei-oikein-mikaan","status":"publish","type":"page","link":"https:\/\/hannelerantala.fi\/www\/?page_id=286","title":{"rendered":"Ei oikein mik\u00e4\u00e4n"},"content":{"rendered":"<div id=\"box5-teoskuvaus\">\n<h3>Ei oikein mik\u00e4\u00e4n<\/h3>\n<p>2008<\/p>\n<p>Sosiaalinen veistos, tilateos <\/p>\n<p>Kadunlakaisu, dokumentaatio, esinekooste kadulta l\u00f6ydetyist\u00e4 tavaroista <\/p>\n<p>&nbsp;<\/p>\n<p><a href=\"https:\/\/hannelerantala.fi\/www\/?page_id=104\">&laquo; Palaa teoksen valokuviin<\/a><\/p>\n<\/div>\n<p>Teoksessa pyrin tuomaan esiin kodittomuuden ja siirtolaisuuden teemoja sek\u00e4 vieraan kohtaamiseen liittyvi\u00e4 kysymyksi\u00e4. Poissa kotoaan olevat ihmiset tuntevat olonsa usein vieraiksi ja pelokkaiksi. He tuntevat monesti olevansa v\u00e4\u00e4r\u00e4ss\u00e4 paikassa. Tukholmassa teht\u00e4v\u00e4 projekti on osa suurkaupunkien katujen reititykseen liittyv\u00e4\u00e4 ty\u00f6t\u00e4, jonka aloitin vuonna 2005. Teoksen tapahtumapaikkana on sattumanvaraisesti valittu tukholmalainen katu.<\/p>\n<p>Aloitin joka p\u00e4iv\u00e4n kuukauden ajan lakaisemalla katua. Ker\u00e4sin kadulta l\u00f6ytynytt\u00e4 p\u00f6ly\u00e4, soraa ja roskia huolellisesti talteen ja asetin ne esille galleriaan projektin lopuksi. Kadunlakaisun dokumentoin valokuvaamalla. <\/p>\n<p>Projektiin kuului my\u00f6s kadonneen henkil\u00f6n etsint\u00e4 julisteen avulla. Is\u00e4ni vanhin sisar oli varieteetanssija. H\u00e4n syntyi Viipurissa, nykyisin Ven\u00e4j\u00e4lle kuuluvassa kaupungissa, ja kuoli Tukholmassa 1956. Is\u00e4ni arkistossa oli postikorttiin painettu ihailijakuva, jota t\u00e4tini luultavasti jakoi ihailijoilleen. Korttiin on painettu my\u00f6s h\u00e4nen nimikirjoituksensa, taiteilijanimi Salme Sylvia. Tied\u00e4n hyvin v\u00e4h\u00e4n h\u00e4nen el\u00e4m\u00e4st\u00e4\u00e4n ja kuolemastaan, tuntuu ett\u00e4 h\u00e4n on kadonnut j\u00e4lki\u00e4 j\u00e4tt\u00e4m\u00e4tt\u00e4. <\/p>\n<p>Yritin selvitt\u00e4\u00e4 Salme-t\u00e4din el\u00e4m\u00e4n vaiheita Tukholmassa k\u00e4ytt\u00e4m\u00e4ll\u00e4 l\u00e4ht\u00f6kohtana h\u00e4nen ihailijakuvaansa. Tein kuvasta etsint\u00e4julisteen, jossa oli teksti <em>Har du sett denna kvinna? (Tunnetko t\u00e4t\u00e4 naista?)<\/em> ja yhteystiedot poste restante -osoitteeseen. Julisteita levitettiin ymp\u00e4ri Tukholmaa. Kadulla n\u00e4kyvist\u00e4 julisteista oli kuvia <em>Ei oikein mik\u00e4\u00e4n<\/em> -installatiossa, mutta teos oli varsinaisena omana kokonaisuutenaan esill\u00e4 my\u00f6hemmin nimell\u00e4 <em>Tunnetko t\u00e4t\u00e4 naista? <\/em><\/p>\n","protected":false},"excerpt":{"rendered":"<p>Ei oikein mik\u00e4\u00e4n 2008 Sosiaalinen veistos, tilateos Kadunlakaisu, dokumentaatio, esinekooste kadulta l\u00f6ydetyist\u00e4 tavaroista &nbsp; &laquo; Palaa teoksen valokuviin Teoksessa pyrin tuomaan esiin kodittomuuden ja siirtolaisuuden teemoja sek\u00e4 vieraan kohtaamiseen liittyvi\u00e4 kysymyksi\u00e4. Poissa kotoaan olevat ihmiset tuntevat olonsa usein vieraiksi ja pelokkaiksi. He tuntevat monesti olevansa v\u00e4\u00e4r\u00e4ss\u00e4 paikassa. Tukholmassa teht\u00e4v\u00e4 projekti on osa suurkaupunkien katujen reititykseen [&hellip;]<\/p>\n","protected":false},"author":3,"featured_media":0,"parent":154,"menu_order":6,"comment_status":"open","ping_status":"open","template":"teoskuvaus.php","meta":{"ngg_post_thumbnail":0,"footnotes":""},"class_list":["post-286","page","type-page","status-publish","hentry"],"_links":{"self":[{"href":"https:\/\/hannelerantala.fi\/www\/index.php?rest_route=\/wp\/v2\/pages\/286","targetHints":{"allow":["GET"]}}],"collection":[{"href":"https:\/\/hannelerantala.fi\/www\/index.php?rest_route=\/wp\/v2\/pages"}],"about":[{"href":"https:\/\/hannelerantala.fi\/www\/index.php?rest_route=\/wp\/v2\/types\/page"}],"author":[{"embeddable":true,"href":"https:\/\/hannelerantala.fi\/www\/index.php?rest_route=\/wp\/v2\/users\/3"}],"replies":[{"embeddable":true,"href":"https:\/\/hannelerantala.fi\/www\/index.php?rest_route=%2Fwp%2Fv2%2Fcomments&post=286"}],"version-history":[{"count":5,"href":"https:\/\/hannelerantala.fi\/www\/index.php?rest_route=\/wp\/v2\/pages\/286\/revisions"}],"predecessor-version":[{"id":699,"href":"https:\/\/hannelerantala.fi\/www\/index.php?rest_route=\/wp\/v2\/pages\/286\/revisions\/699"}],"up":[{"embeddable":true,"href":"https:\/\/hannelerantala.fi\/www\/index.php?rest_route=\/wp\/v2\/pages\/154"}],"wp:attachment":[{"href":"https:\/\/hannelerantala.fi\/www\/index.php?rest_route=%2Fwp%2Fv2%2Fmedia&parent=286"}],"curies":[{"name":"wp","href":"https:\/\/api.w.org\/{rel}","templated":true}]}}