{"id":290,"date":"2011-03-13T21:33:26","date_gmt":"2011-03-13T19:33:26","guid":{"rendered":"http:\/\/hannelerantala.fi\/www\/?page_id=290"},"modified":"2025-06-12T10:50:25","modified_gmt":"2025-06-12T08:50:25","slug":"hylkaavia-paatoksia","status":"publish","type":"page","link":"https:\/\/hannelerantala.fi\/www\/?page_id=290","title":{"rendered":"Hylk\u00e4\u00e4vi\u00e4 p\u00e4\u00e4t\u00f6ksi\u00e4"},"content":{"rendered":"<div id=\"box5-teoskuvaus\">\n<h3>Hylk\u00e4\u00e4vi\u00e4 p\u00e4\u00e4t\u00f6ksi\u00e4<\/h3>\n<p>2009<\/p>\n<p>Performanssiteos, tilateos <\/p>\n<p>Toimistop\u00f6yt\u00e4 ja -tuoli, valkoista paperia, leimasin, kuljetuslaatikko, \u00e4\u00e4ni<\/p>\n<p>Kuvat: Suomen valokuvataiteen museo \/ Virve Laustela<\/p>\n<p>&nbsp;<\/p>\n<p><a href=\"https:\/\/hannelerantala.fi\/www\/?page_id=107\">&laquo; Palaa teoksen valokuviin<\/a><\/p>\n<\/div>\n<p>Esitt\u00e4j\u00e4 istuu pienen toimistop\u00f6yd\u00e4n \u00e4\u00e4ress\u00e4 ja ly\u00f6 leimoja valkoiseen paperiin, jota p\u00f6yd\u00e4ll\u00e4 on korkea pino. Esitt\u00e4j\u00e4 ottaa pinosta arkin kerrallaan, leimaa sen ja siirt\u00e4\u00e4 toiseen pinoon. Leimasimessa on kolmella kielell\u00e4 punainen teksti: Hyl\u00e4tty. Joka kerran kun h\u00e4n ly\u00f6 leiman paperiin, h\u00e4n sanoo: &#8221;Ei&#8221;. <\/p>\n<p>Esitt\u00e4j\u00e4 on saapunut p\u00f6yd\u00e4n \u00e4\u00e4reen mukanaan vanerista tehty kuljetuslaatikko, jonka ristikko-oven takaa kuuluu tikityst\u00e4. Kymmenen minuutin kuluttua tikitys p\u00e4\u00e4ttyy kellonsoittoon ja esitt\u00e4j\u00e4 poistuu kuljetuslaatikon kanssa. Katsojat voivat ottaa leimatun paperin itselleen ja lis\u00e4t\u00e4 siihen my\u00f6hemmin haluamansa tekstin. Paperi on jo valmiiksi hyl\u00e4tty. <\/p>\n","protected":false},"excerpt":{"rendered":"<p>Hylk\u00e4\u00e4vi\u00e4 p\u00e4\u00e4t\u00f6ksi\u00e4 2009 Performanssiteos, tilateos Toimistop\u00f6yt\u00e4 ja -tuoli, valkoista paperia, leimasin, kuljetuslaatikko, \u00e4\u00e4ni Kuvat: Suomen valokuvataiteen museo \/ Virve Laustela &nbsp; &laquo; Palaa teoksen valokuviin Esitt\u00e4j\u00e4 istuu pienen toimistop\u00f6yd\u00e4n \u00e4\u00e4ress\u00e4 ja ly\u00f6 leimoja valkoiseen paperiin, jota p\u00f6yd\u00e4ll\u00e4 on korkea pino. Esitt\u00e4j\u00e4 ottaa pinosta arkin kerrallaan, leimaa sen ja siirt\u00e4\u00e4 toiseen pinoon. Leimasimessa on kolmella kielell\u00e4 [&hellip;]<\/p>\n","protected":false},"author":3,"featured_media":0,"parent":154,"menu_order":9,"comment_status":"open","ping_status":"open","template":"teoskuvaus.php","meta":{"ngg_post_thumbnail":0,"footnotes":""},"class_list":["post-290","page","type-page","status-publish","hentry"],"_links":{"self":[{"href":"https:\/\/hannelerantala.fi\/www\/index.php?rest_route=\/wp\/v2\/pages\/290","targetHints":{"allow":["GET"]}}],"collection":[{"href":"https:\/\/hannelerantala.fi\/www\/index.php?rest_route=\/wp\/v2\/pages"}],"about":[{"href":"https:\/\/hannelerantala.fi\/www\/index.php?rest_route=\/wp\/v2\/types\/page"}],"author":[{"embeddable":true,"href":"https:\/\/hannelerantala.fi\/www\/index.php?rest_route=\/wp\/v2\/users\/3"}],"replies":[{"embeddable":true,"href":"https:\/\/hannelerantala.fi\/www\/index.php?rest_route=%2Fwp%2Fv2%2Fcomments&post=290"}],"version-history":[{"count":5,"href":"https:\/\/hannelerantala.fi\/www\/index.php?rest_route=\/wp\/v2\/pages\/290\/revisions"}],"predecessor-version":[{"id":701,"href":"https:\/\/hannelerantala.fi\/www\/index.php?rest_route=\/wp\/v2\/pages\/290\/revisions\/701"}],"up":[{"embeddable":true,"href":"https:\/\/hannelerantala.fi\/www\/index.php?rest_route=\/wp\/v2\/pages\/154"}],"wp:attachment":[{"href":"https:\/\/hannelerantala.fi\/www\/index.php?rest_route=%2Fwp%2Fv2%2Fmedia&parent=290"}],"curies":[{"name":"wp","href":"https:\/\/api.w.org\/{rel}","templated":true}]}}