{"id":4,"date":"2010-09-17T20:46:02","date_gmt":"2010-09-17T18:46:02","guid":{"rendered":"http:\/\/hannelerantala.fi\/www\/?page_id=4"},"modified":"2025-06-12T10:48:33","modified_gmt":"2025-06-12T08:48:33","slug":"tunnetko-tata-naista","status":"publish","type":"page","link":"https:\/\/hannelerantala.fi\/www\/?page_id=4","title":{"rendered":"2008 Tunnetko t\u00e4t\u00e4 naista?"},"content":{"rendered":"<div id=\"box5-kuvasivu\">\n<h3>Tunnetko t\u00e4t\u00e4 naista?<\/h3>\n<p>2008<\/p>\n<p>Sosiaalinen veistos, tilateos<\/p>\n<p>Kolmeen kaupunkiin levitetyt etsint\u00e4julisteet,<br \/>\nkadunlakaisu, dokumentaatio<\/p>\n<p>&nbsp;<\/p>\n<p><a href=\"https:\/\/hannelerantala.fi\/www\/?page_id=284\">Lue teoskuvaus \u00bb<\/a><\/p>\n<\/div>\nngg_shortcode_0_placeholder\n","protected":false},"excerpt":{"rendered":"<p>Tunnetko t\u00e4t\u00e4 naista? 2008 Sosiaalinen veistos, tilateos Kolmeen kaupunkiin levitetyt etsint\u00e4julisteet, kadunlakaisu, dokumentaatio &nbsp; Lue teoskuvaus \u00bb<\/p>\n","protected":false},"author":3,"featured_media":0,"parent":0,"menu_order":6,"comment_status":"open","ping_status":"closed","template":"kuvasivu.php","meta":{"ngg_post_thumbnail":0,"footnotes":""},"class_list":["post-4","page","type-page","status-publish","hentry"],"_links":{"self":[{"href":"https:\/\/hannelerantala.fi\/www\/index.php?rest_route=\/wp\/v2\/pages\/4","targetHints":{"allow":["GET"]}}],"collection":[{"href":"https:\/\/hannelerantala.fi\/www\/index.php?rest_route=\/wp\/v2\/pages"}],"about":[{"href":"https:\/\/hannelerantala.fi\/www\/index.php?rest_route=\/wp\/v2\/types\/page"}],"author":[{"embeddable":true,"href":"https:\/\/hannelerantala.fi\/www\/index.php?rest_route=\/wp\/v2\/users\/3"}],"replies":[{"embeddable":true,"href":"https:\/\/hannelerantala.fi\/www\/index.php?rest_route=%2Fwp%2Fv2%2Fcomments&post=4"}],"version-history":[{"count":25,"href":"https:\/\/hannelerantala.fi\/www\/index.php?rest_route=\/wp\/v2\/pages\/4\/revisions"}],"predecessor-version":[{"id":687,"href":"https:\/\/hannelerantala.fi\/www\/index.php?rest_route=\/wp\/v2\/pages\/4\/revisions\/687"}],"wp:attachment":[{"href":"https:\/\/hannelerantala.fi\/www\/index.php?rest_route=%2Fwp%2Fv2%2Fmedia&parent=4"}],"curies":[{"name":"wp","href":"https:\/\/api.w.org\/{rel}","templated":true}]}}